{"id":2559,"date":"2022-03-14T15:26:22","date_gmt":"2022-03-14T15:26:22","guid":{"rendered":"https:\/\/glopol.pt\/politica-de-privacidad\/"},"modified":"2022-03-21T14:51:00","modified_gmt":"2022-03-21T14:51:00","slug":"politica-de-privacidad","status":"publish","type":"page","link":"https:\/\/glopol.pt\/es\/politica-de-privacidad\/","title":{"rendered":"Pol\u00edtica de Privacidad"},"content":{"rendered":"\t\t<div data-elementor-type=\"wp-page\" data-elementor-id=\"2559\" data-post-id=\"2559\" data-obj-id=\"2559\" class=\"elementor elementor-2559 dce-elementor-post-2559 elementor-2555\" data-elementor-post-type=\"page\">\n\t\t\t\t\t\t\t\t\t<section data-dce-background-image-url=\"https:\/\/glopol.pt\/wp-content\/uploads\/2021\/12\/banner_sobre_nosl.jpg\" class=\"elementor-section elementor-top-section elementor-element elementor-element-fbdf4b1 elementor-section-boxed elementor-section-height-default elementor-section-height-default\" data-id=\"fbdf4b1\" data-element_type=\"section\" data-settings=\"{&quot;background_background&quot;:&quot;classic&quot;,&quot;_ha_eqh_enable&quot;:false}\">\n\t\t\t\t\t\t<div class=\"elementor-container elementor-column-gap-default\">\n\t\t\t\t\t<div class=\"elementor-column elementor-col-100 elementor-top-column elementor-element elementor-element-928ed29\" data-id=\"928ed29\" data-element_type=\"column\">\n\t\t\t<div class=\"elementor-widget-wrap elementor-element-populated\">\n\t\t\t\t\t\t\t\t<div class=\"elementor-element elementor-element-7803398 elementor-widget elementor-widget-heading\" data-id=\"7803398\" data-element_type=\"widget\" data-widget_type=\"heading.default\">\n\t\t\t\t<div class=\"elementor-widget-container\">\n\t\t\t<p class=\"elementor-heading-title elementor-size-default\">Pol\u00edtica de Privacidad<\/p>\t\t<\/div>\n\t\t\t\t<\/div>\n\t\t\t\t\t<\/div>\n\t\t<\/div>\n\t\t\t\t\t\t\t<\/div>\n\t\t<\/section>\n\t\t\t\t<section data-dce-background-color=\"#F9F9F9\" class=\"elementor-section elementor-top-section elementor-element elementor-element-6fea12a elementor-section-boxed elementor-section-height-default elementor-section-height-default\" data-id=\"6fea12a\" data-element_type=\"section\" data-settings=\"{&quot;background_background&quot;:&quot;classic&quot;,&quot;_ha_eqh_enable&quot;:false}\">\n\t\t\t\t\t\t<div class=\"elementor-container elementor-column-gap-default\">\n\t\t\t\t\t<div class=\"elementor-column elementor-col-100 elementor-top-column elementor-element elementor-element-fd95d90\" data-id=\"fd95d90\" data-element_type=\"column\">\n\t\t\t<div class=\"elementor-widget-wrap elementor-element-populated\">\n\t\t\t\t\t\t\t\t<div class=\"elementor-element elementor-element-d4ccac1 dce_masking-none elementor-widget elementor-widget-image\" data-id=\"d4ccac1\" data-element_type=\"widget\" data-widget_type=\"image.default\">\n\t\t\t\t<div class=\"elementor-widget-container\">\n\t\t\t\t\t\t\t\t\t\t\t\t\t\t\t<img fetchpriority=\"high\" decoding=\"async\" width=\"800\" height=\"400\" src=\"https:\/\/glopol.pt\/wp-content\/uploads\/2021\/12\/googole.png\" class=\"attachment-large size-large wp-image-2304\" alt=\"\" srcset=\"https:\/\/glopol.pt\/wp-content\/uploads\/2021\/12\/googole.png 800w, https:\/\/glopol.pt\/wp-content\/uploads\/2021\/12\/googole-300x150.png 300w, https:\/\/glopol.pt\/wp-content\/uploads\/2021\/12\/googole-768x384.png 768w\" sizes=\"(max-width: 800px) 100vw, 800px\" \/>\t\t\t\t\t\t\t\t\t\t\t\t\t\t\t<\/div>\n\t\t\t\t<\/div>\n\t\t\t\t<div class=\"elementor-element elementor-element-a316daa elementor-widget elementor-widget-text-editor\" data-id=\"a316daa\" data-element_type=\"widget\" data-widget_type=\"text-editor.default\">\n\t\t\t\t<div class=\"elementor-widget-container\">\n\t\t\t\t\t\t\t<div id=\"outerContainer\"><div id=\"sidebarContainer\"><div id=\"toolbarSidebar\"><div id=\"toolbarSidebarLeft\"><div class=\"splitToolbarButton toggled\">Su privacidad es muy importante para nosotros.<\/div><div class=\"splitToolbarButton toggled\">Sus datos personales est\u00e1n protegidos en nuestra organizaci\u00f3n a trav\u00e9s de medidas t\u00e9cnicas, organizativas y procedimentales, rigurosas y robustas.<\/div><div class=\"splitToolbarButton toggled\">Seguimos la definici\u00f3n de &#8220;datos personales&#8221; contenida en el Reglamento Europeo de Protecci\u00f3n de Datos.<\/div><div class=\"splitToolbarButton toggled\">Glopol Embalagens Lda, con sede en Rua da Central, No. 790, Zona Industrial de Campo, 4440-043 Campo &#8211; Valongo es responsable del procesamiento de sus datos en el sentido del Reglamento General de Protecci\u00f3n de Datos.<\/div><div> <\/div><div class=\"splitToolbarButton toggled\"><strong>1. C\u00f3mo recopilamos sus datos<\/strong><\/div><div class=\"splitToolbarButton toggled\">Recopilamos sus datos por tel\u00e9fono, en l\u00ednea y por escrito.<br>Glopol trata los datos personales recogidos en estricto cumplimiento de la legislaci\u00f3n aplicable en materia de protecci\u00f3n de datos personales, implementando medidas t\u00e9cnicas y organizativas para garantizar un nivel adecuado de protecci\u00f3n de datos y seguridad de la informaci\u00f3n.<\/div><div> <\/div><div class=\"splitToolbarButton toggled\"><strong>2. \u00bfQu\u00e9 datos recopilamos?<\/strong><br>&#8211; Nombre<br>&#8211; N\u00famero de tel\u00e9fono<br>&#8211; Correo electr\u00f3nico<br>&#8211; Direcci\u00f3n<\/div><div class=\"splitToolbarButton toggled\">&#8211; NIF<\/div><div> <\/div><div class=\"splitToolbarButton toggled\"><strong>3. \u00bfCon qu\u00e9 finalidad tratamos sus datos?<\/strong><br>&#8211; Su identificaci\u00f3n;<br>&#8211; Realizaci\u00f3n de encuestas de satisfacci\u00f3n;<br>&#8211; Facturaci\u00f3n y cobro de los servicios prestados;<br>&#8211; Acciones de informaci\u00f3n y marketing.<\/div><div> <\/div><div class=\"splitToolbarButton toggled\"><strong>4. \u00bfCu\u00e1nto tiempo conservamos sus datos?<\/strong><br>El per\u00edodo de retenci\u00f3n de los datos depende de la finalidad para la que fueron recogidos.<br>Hay plazos legales de conservaci\u00f3n que debemos cumplir. Si no se aplican, los datos se conservar\u00e1n durante el per\u00edodo m\u00ednimo necesario para los fines que motivaron la recopilaci\u00f3n.<\/div><div> <\/div><div class=\"splitToolbarButton toggled\"><strong>5. \u00bfCu\u00e1les son sus derechos?<\/strong><br>Como interesado, tiene derecho al acceso, rectificaci\u00f3n, cancelaci\u00f3n y oposici\u00f3n, as\u00ed como a la portabilidad de sus datos y a la limitaci\u00f3n del tratamiento.<\/div><div> <\/div><div class=\"splitToolbarButton toggled\"><strong>6. \u00bfQu\u00e9 medidas se han adoptado para garantizar la seguridad de los datos personales?<\/strong><br>Nuestra plataforma se construy\u00f3 sobre el principio de &#8220;privacidad por dise\u00f1o o privacidad desde el dise\u00f1o&#8221;, es decir, desde el principio consideramos su privacidad como una prioridad nuestra. Se han aplicado medidas t\u00e9cnicas y organizativas a la luz de este principio.<\/div><div> <\/div><div class=\"splitToolbarButton toggled\"><strong>7. \u00bfExiste comunicaci\u00f3n o cesi\u00f3n de datos a terceros?<\/strong><br>No. Glopol no comunica, transfiere ni comercializa los datos recopilados a terceros, asegurando el nivel de protecci\u00f3n de las personas f\u00edsicas garantizado por el GDPR.<\/div><div> <\/div><div class=\"splitToolbarButton toggled\"><strong>8. Base legal para el tratamiento<\/strong><br>Dependiendo de las circunstancias, el procesamiento de sus datos personales puede llevarse a cabo sobre la base legal: la necesidad de procesamiento para la conclusi\u00f3n o ejecuci\u00f3n contractual; cumplimiento de obligaciones legales; los intereses leg\u00edtimos de Glopol o el consentimiento otorgado por el interesado.<br>Si el consentimiento es la base para el procesamiento de datos personales, el interesado tiene derecho a retirar el consentimiento en cualquier momento, sin que este derecho comprometa la legalidad del procesamiento realizado sobre la base del consentimiento otorgado previamente o el procesamiento posterior de los mismos datos, basado en otra base legal.<\/div><div> <\/div><div class=\"splitToolbarButton toggled\"><strong>9. Reclamaci\u00f3n<\/strong><br>Si desea presentar una queja directa a Glopol, puede escribir al geral@glopol.pt<br>Si no est\u00e1 satisfecho con el uso que hacemos de sus datos personales, tiene derecho a presentar una queja ante su autoridad de control (Comisi\u00f3n Nacional de Protecci\u00f3n de Datos (CNPD) por el correo electr\u00f3nico: geral@cnpd.pt<\/div><\/div><\/div><\/div><\/div><p><style>.tb_button {padding:1px;cursor:pointer;border-right: 1px solid #8b8b8b;border-left: 1px solid #FFF;border-bottom: 1px solid #fff;}.tb_button.hover {borer:2px outset #def; background-color: #f8f8f8 !important;}.ws_toolbar {z-index:100000} .ws_toolbar .ws_tb_btn {cursor:pointer;border:1px solid #555;padding:3px}   .tb_highlight{background-color:yellow} .tb_hide {visibility:hidden} .ws_toolbar img {padding:2px;margin:0px}<\/style><\/p>\t\t\t\t\t\t<\/div>\n\t\t\t\t<\/div>\n\t\t\t\t\t<\/div>\n\t\t<\/div>\n\t\t\t\t\t\t\t<\/div>\n\t\t<\/section>\n\t\t\t\t\t\t\t<\/div>\n\t\t","protected":false},"excerpt":{"rendered":"<p>Pol\u00edtica de Privacidad Su privacidad es muy importante para nosotros.Sus datos personales est\u00e1n protegidos en nuestra organizaci\u00f3n a trav\u00e9s de medidas t\u00e9cnicas, organizativas y procedimentales, rigurosas y robustas.Seguimos la definici\u00f3n de &#8220;datos personales&#8221; contenida en el Reglamento Europeo de Protecci\u00f3n de Datos.Glopol Embalagens Lda, con sede en Rua da Central, No. 790, Zona Industrial de [&hellip;]<\/p>\n","protected":false},"author":1,"featured_media":0,"parent":0,"menu_order":0,"comment_status":"closed","ping_status":"closed","template":"","meta":{"footnotes":""},"class_list":["post-2559","page","type-page","status-publish","hentry"],"yoast_head":"<!-- This site is optimized with the Yoast SEO plugin v18.9 - https:\/\/yoast.com\/wordpress\/plugins\/seo\/ -->\n<title>Glopol Pol\u00edtica de Privacidad<\/title>\n<meta name=\"description\" content=\"Somos una empresa de gesti\u00f3n de residuos de envases industriales, conocida y respetada por sus est\u00e1ndares \u00e9ticos y de sostenibilidad.\" \/>\n<meta name=\"robots\" content=\"index, follow, max-snippet:-1, max-image-preview:large, max-video-preview:-1\" \/>\n<link rel=\"canonical\" href=\"https:\/\/glopol.pt\/es\/politica-de-privacidad\/\" \/>\n<meta property=\"og:locale\" content=\"es_ES\" \/>\n<meta property=\"og:type\" content=\"article\" \/>\n<meta property=\"og:title\" content=\"Glopol Pol\u00edtica de Privacidad\" \/>\n<meta property=\"og:description\" content=\"Somos una empresa de gesti\u00f3n de residuos de envases industriales, conocida y respetada por sus est\u00e1ndares \u00e9ticos y de sostenibilidad.\" \/>\n<meta property=\"og:url\" content=\"https:\/\/glopol.pt\/es\/politica-de-privacidad\/\" \/>\n<meta property=\"og:site_name\" content=\"Glopol\" \/>\n<meta property=\"article:publisher\" content=\"https:\/\/www.facebook.com\/profile.php?id=100070766673717\" \/>\n<meta property=\"article:modified_time\" content=\"2022-03-21T14:51:00+00:00\" \/>\n<meta property=\"og:image\" content=\"https:\/\/glopol.pt\/wp-content\/uploads\/2021\/12\/googole.png\" \/>\n<meta name=\"twitter:card\" content=\"summary_large_image\" \/>\n<meta name=\"twitter:label1\" content=\"Tiempo de lectura\" \/>\n\t<meta name=\"twitter:data1\" content=\"3 minutos\" \/>\n<script type=\"application\/ld+json\" class=\"yoast-schema-graph\">{\"@context\":\"https:\/\/schema.org\",\"@graph\":[{\"@type\":\"WebSite\",\"@id\":\"https:\/\/glopol.pt\/#website\",\"url\":\"https:\/\/glopol.pt\/\",\"name\":\"Glopol\",\"description\":\"Website\",\"potentialAction\":[{\"@type\":\"SearchAction\",\"target\":{\"@type\":\"EntryPoint\",\"urlTemplate\":\"https:\/\/glopol.pt\/?s={search_term_string}\"},\"query-input\":\"required name=search_term_string\"}],\"inLanguage\":\"es\"},{\"@type\":\"ImageObject\",\"inLanguage\":\"es\",\"@id\":\"https:\/\/glopol.pt\/es\/politica-de-privacidad\/#primaryimage\",\"url\":\"https:\/\/glopol.pt\/wp-content\/uploads\/2021\/12\/googole.png\",\"contentUrl\":\"https:\/\/glopol.pt\/wp-content\/uploads\/2021\/12\/googole.png\",\"width\":800,\"height\":400},{\"@type\":\"WebPage\",\"@id\":\"https:\/\/glopol.pt\/es\/politica-de-privacidad\/#webpage\",\"url\":\"https:\/\/glopol.pt\/es\/politica-de-privacidad\/\",\"name\":\"Glopol Pol\u00edtica de Privacidad\",\"isPartOf\":{\"@id\":\"https:\/\/glopol.pt\/#website\"},\"primaryImageOfPage\":{\"@id\":\"https:\/\/glopol.pt\/es\/politica-de-privacidad\/#primaryimage\"},\"datePublished\":\"2022-03-14T15:26:22+00:00\",\"dateModified\":\"2022-03-21T14:51:00+00:00\",\"description\":\"Somos una empresa de gesti\u00f3n de residuos de envases industriales, conocida y respetada por sus est\u00e1ndares \u00e9ticos y de sostenibilidad.\",\"breadcrumb\":{\"@id\":\"https:\/\/glopol.pt\/es\/politica-de-privacidad\/#breadcrumb\"},\"inLanguage\":\"es\",\"potentialAction\":[{\"@type\":\"ReadAction\",\"target\":[\"https:\/\/glopol.pt\/es\/politica-de-privacidad\/\"]}]},{\"@type\":\"BreadcrumbList\",\"@id\":\"https:\/\/glopol.pt\/es\/politica-de-privacidad\/#breadcrumb\",\"itemListElement\":[{\"@type\":\"ListItem\",\"position\":1,\"name\":\"In\u00edcio\",\"item\":\"https:\/\/glopol.pt\/\"},{\"@type\":\"ListItem\",\"position\":2,\"name\":\"Pol\u00edtica de Privacidad\"}]}]}<\/script>\n<!-- \/ Yoast SEO plugin. -->","yoast_head_json":{"title":"Glopol Pol\u00edtica de Privacidad","description":"Somos una empresa de gesti\u00f3n de residuos de envases industriales, conocida y respetada por sus est\u00e1ndares \u00e9ticos y de sostenibilidad.","robots":{"index":"index","follow":"follow","max-snippet":"max-snippet:-1","max-image-preview":"max-image-preview:large","max-video-preview":"max-video-preview:-1"},"canonical":"https:\/\/glopol.pt\/es\/politica-de-privacidad\/","og_locale":"es_ES","og_type":"article","og_title":"Glopol Pol\u00edtica de Privacidad","og_description":"Somos una empresa de gesti\u00f3n de residuos de envases industriales, conocida y respetada por sus est\u00e1ndares \u00e9ticos y de sostenibilidad.","og_url":"https:\/\/glopol.pt\/es\/politica-de-privacidad\/","og_site_name":"Glopol","article_publisher":"https:\/\/www.facebook.com\/profile.php?id=100070766673717","article_modified_time":"2022-03-21T14:51:00+00:00","og_image":[{"url":"https:\/\/glopol.pt\/wp-content\/uploads\/2021\/12\/googole.png"}],"twitter_card":"summary_large_image","twitter_misc":{"Tiempo de lectura":"3 minutos"},"schema":{"@context":"https:\/\/schema.org","@graph":[{"@type":"WebSite","@id":"https:\/\/glopol.pt\/#website","url":"https:\/\/glopol.pt\/","name":"Glopol","description":"Website","potentialAction":[{"@type":"SearchAction","target":{"@type":"EntryPoint","urlTemplate":"https:\/\/glopol.pt\/?s={search_term_string}"},"query-input":"required name=search_term_string"}],"inLanguage":"es"},{"@type":"ImageObject","inLanguage":"es","@id":"https:\/\/glopol.pt\/es\/politica-de-privacidad\/#primaryimage","url":"https:\/\/glopol.pt\/wp-content\/uploads\/2021\/12\/googole.png","contentUrl":"https:\/\/glopol.pt\/wp-content\/uploads\/2021\/12\/googole.png","width":800,"height":400},{"@type":"WebPage","@id":"https:\/\/glopol.pt\/es\/politica-de-privacidad\/#webpage","url":"https:\/\/glopol.pt\/es\/politica-de-privacidad\/","name":"Glopol Pol\u00edtica de Privacidad","isPartOf":{"@id":"https:\/\/glopol.pt\/#website"},"primaryImageOfPage":{"@id":"https:\/\/glopol.pt\/es\/politica-de-privacidad\/#primaryimage"},"datePublished":"2022-03-14T15:26:22+00:00","dateModified":"2022-03-21T14:51:00+00:00","description":"Somos una empresa de gesti\u00f3n de residuos de envases industriales, conocida y respetada por sus est\u00e1ndares \u00e9ticos y de sostenibilidad.","breadcrumb":{"@id":"https:\/\/glopol.pt\/es\/politica-de-privacidad\/#breadcrumb"},"inLanguage":"es","potentialAction":[{"@type":"ReadAction","target":["https:\/\/glopol.pt\/es\/politica-de-privacidad\/"]}]},{"@type":"BreadcrumbList","@id":"https:\/\/glopol.pt\/es\/politica-de-privacidad\/#breadcrumb","itemListElement":[{"@type":"ListItem","position":1,"name":"In\u00edcio","item":"https:\/\/glopol.pt\/"},{"@type":"ListItem","position":2,"name":"Pol\u00edtica de Privacidad"}]}]}},"_links":{"self":[{"href":"https:\/\/glopol.pt\/es\/wp-json\/wp\/v2\/pages\/2559","targetHints":{"allow":["GET"]}}],"collection":[{"href":"https:\/\/glopol.pt\/es\/wp-json\/wp\/v2\/pages"}],"about":[{"href":"https:\/\/glopol.pt\/es\/wp-json\/wp\/v2\/types\/page"}],"author":[{"embeddable":true,"href":"https:\/\/glopol.pt\/es\/wp-json\/wp\/v2\/users\/1"}],"replies":[{"embeddable":true,"href":"https:\/\/glopol.pt\/es\/wp-json\/wp\/v2\/comments?post=2559"}],"version-history":[{"count":8,"href":"https:\/\/glopol.pt\/es\/wp-json\/wp\/v2\/pages\/2559\/revisions"}],"predecessor-version":[{"id":2757,"href":"https:\/\/glopol.pt\/es\/wp-json\/wp\/v2\/pages\/2559\/revisions\/2757"}],"wp:attachment":[{"href":"https:\/\/glopol.pt\/es\/wp-json\/wp\/v2\/media?parent=2559"}],"curies":[{"name":"wp","href":"https:\/\/api.w.org\/{rel}","templated":true}]}}